{"id":4993,"date":"2021-01-21T13:31:51","date_gmt":"2021-01-21T13:31:51","guid":{"rendered":"https:\/\/walksintra.com\/?page_id=4993"},"modified":"2021-01-21T13:42:40","modified_gmt":"2021-01-21T13:42:40","slug":"icones-de-pr-e-gr","status":"publish","type":"page","link":"https:\/\/walksintra.com\/pt\/icones-de-pr-e-gr\/","title":{"rendered":"\u00cdcones de PR e GR"},"content":{"rendered":"<section id=\"bt_bb_section69ebbdf89cec8\" class=\"bt_bb_section bt_bb_layout_boxed_1200 bt_bb_vertical_align_top bt_bb_bottom_spacing_extra_large\"  data-bt-override-class=\"null\"><div class=\"bt_bb_port\"><div class=\"bt_bb_cell\"><div class=\"bt_bb_cell_inner\"><div class=\"bt_bb_row\"  data-bt-override-class=\"{}\"><div class=\"bt_bb_row_holder\" ><div  class=\"bt_bb_column col-xxl-6 col-xl-6 bt_bb_vertical_align_top bt_bb_align_center bt_bb_padding_double\" style=\"; --column-width:6;\" data-width=\"6\" data-bt-override-class=\"{}\"><div class=\"bt_bb_column_content\"><div class=\"bt_bb_column_content_inner\"><div class=\"bt_bb_separator bt_bb_border_style_none bt_bb_top_spacing_medium\" data-bt-override-class=\"null\"><\/div><header class=\"bt_bb_headline bt_bb_font_weight_normal bt_bb_dash_none bt_bb_subheadline bt_bb_size_medium bt_bb_align_inherit\" data-bt-override-class=\"{}\"><h4 class=\"bt_bb_headline_tag\"><span class=\"bt_bb_headline_content\"><span>\u00cdcones de PR e GR<\/span><\/span><\/h4><div class=\"bt_bb_headline_subheadline\">Introdu\u00e7\u00e3o de Sinais em Portugu\u00eas<br \/><br \/>\n<\/div><\/header><div class=\"bt_bb_separator bt_bb_border_style_none bt_bb_bottom_spacing_normal\" data-bt-override-class=\"null\"><\/div><div  class=\"bt_bb_text\" ><\/p>\n<p>A C\u00e2mara Municipal de Sintra promove e mant\u00e9m 11 pequenas rotas (PR1-12), 1 grande rota (GR11) e v\u00e1rios percursos urbanos. Os passeios cujo t\u00edtulo come\u00e7a com &#8216;PR&#8217; ou &#8216;GR&#8217; na APP s\u00e3o alguns destes. Estas rotas est\u00e3o inclu\u00eddas na APP com a devida autoriza\u00e7\u00e3o da C\u00e2mara Municipal de Sintra.<\/p>\n<p>\n<\/div><div class=\"bt_bb_separator bt_bb_border_style_none bt_bb_bottom_spacing_normal\" data-bt-override-class=\"null\"><\/div><div class=\"bt_bb_image bt_bb_shape_square bt_bb_target_self bt_bb_align_inherit bt_bb_hover_style_simple bt_bb_content_display_always bt_bb_content_align_middle\" data-bt-override-class=\"{}\"><span><img loading=\"lazy\" decoding=\"async\" width=\"320\" height=\"319\" src=\"https:\/\/walksintra.com\/wp-content\/uploads\/2020\/12\/unnamed-1-320x319.png\" class=\"attachment-boldthemes_small size-boldthemes_small\" alt=\"https:\/\/walksintra.com\/wp-content\/uploads\/2020\/12\/unnamed-1-320x319.png\" data-full_image_src=\"https:\/\/walksintra.com\/wp-content\/uploads\/2020\/12\/unnamed-1.png\" title=\"unnamed (1)\" srcset=\"https:\/\/walksintra.com\/wp-content\/uploads\/2020\/12\/unnamed-1-320x320.png 320w, https:\/\/walksintra.com\/wp-content\/uploads\/2020\/12\/unnamed-1-160x160.png 160w, https:\/\/walksintra.com\/wp-content\/uploads\/2020\/12\/unnamed-1-12x12.png 12w, https:\/\/walksintra.com\/wp-content\/uploads\/2020\/12\/unnamed-1.png 512w\" sizes=\"auto, (max-width: 320px) 100vw, 320px\" \/><\/span><\/div><\/div><\/div><\/div><div  class=\"bt_bb_column col-xxl-6 col-xl-6 bt_bb_vertical_align_middle bt_bb_align_left bt_bb_padding_double\" style=\"; --column-width:6;\" data-width=\"6\" data-bt-override-class=\"{}\"><div class=\"bt_bb_column_content\"><div class=\"bt_bb_column_content_inner\"><div class=\"bt_bb_image bt_bb_shape_square bt_bb_target_self bt_bb_align_inherit bt_bb_hover_style_simple bt_bb_content_display_always bt_bb_content_align_middle\" data-bt-override-class=\"{}\"><span><img fetchpriority=\"high\" decoding=\"async\" width=\"1808\" height=\"2481\" src=\"https:\/\/walksintra.com\/wp-content\/uploads\/2021\/01\/PR-E-GR-PT-E-EN-01-1.jpg\" class=\"attachment-full size-full\" alt=\"https:\/\/walksintra.com\/wp-content\/uploads\/2021\/01\/PR-E-GR-PT-E-EN-01-1.jpg\" data-full_image_src=\"https:\/\/walksintra.com\/wp-content\/uploads\/2021\/01\/PR-E-GR-PT-E-EN-01-1.jpg\" title=\"PR E GR PT E EN-01\" loading=\"eager\" srcset=\"https:\/\/walksintra.com\/wp-content\/uploads\/2021\/01\/PR-E-GR-PT-E-EN-01-1.jpg 1808w, https:\/\/walksintra.com\/wp-content\/uploads\/2021\/01\/PR-E-GR-PT-E-EN-01-1-640x878.jpg 640w, https:\/\/walksintra.com\/wp-content\/uploads\/2021\/01\/PR-E-GR-PT-E-EN-01-1-1280x1756.jpg 1280w, https:\/\/walksintra.com\/wp-content\/uploads\/2021\/01\/PR-E-GR-PT-E-EN-01-1-768x1054.jpg 768w, https:\/\/walksintra.com\/wp-content\/uploads\/2021\/01\/PR-E-GR-PT-E-EN-01-1-1119x1536.jpg 1119w, https:\/\/walksintra.com\/wp-content\/uploads\/2021\/01\/PR-E-GR-PT-E-EN-01-1-1492x2048.jpg 1492w, https:\/\/walksintra.com\/wp-content\/uploads\/2021\/01\/PR-E-GR-PT-E-EN-01-1-9x12.jpg 9w, https:\/\/walksintra.com\/wp-content\/uploads\/2021\/01\/PR-E-GR-PT-E-EN-01-1-320x439.jpg 320w\" sizes=\"(max-width: 1808px) 100vw, 1808px\" \/><\/span><\/div><div class=\"bt_bb_separator bt_bb_border_style_none bt_bb_top_spacing_normal bt_bb_bottom_spacing_normal bt_bb_hidden_md bt_bb_hidden_lg\" data-bt-override-class=\"null\"><\/div><\/div><\/div><\/div><\/div><\/div><\/div><!-- cell_inner --><\/div><!-- cell --><\/div><!-- port --><\/section>","protected":false},"excerpt":{"rendered":"","protected":false},"author":1,"featured_media":0,"parent":0,"menu_order":0,"comment_status":"closed","ping_status":"closed","template":"","meta":{"_monsterinsights_skip_tracking":false,"_monsterinsights_sitenote_active":false,"_monsterinsights_sitenote_note":"","_monsterinsights_sitenote_category":0,"footnotes":""},"class_list":["post-4993","page","type-page","status-publish","hentry"],"_links":{"self":[{"href":"https:\/\/walksintra.com\/pt\/wp-json\/wp\/v2\/pages\/4993","targetHints":{"allow":["GET"]}}],"collection":[{"href":"https:\/\/walksintra.com\/pt\/wp-json\/wp\/v2\/pages"}],"about":[{"href":"https:\/\/walksintra.com\/pt\/wp-json\/wp\/v2\/types\/page"}],"author":[{"embeddable":true,"href":"https:\/\/walksintra.com\/pt\/wp-json\/wp\/v2\/users\/1"}],"replies":[{"embeddable":true,"href":"https:\/\/walksintra.com\/pt\/wp-json\/wp\/v2\/comments?post=4993"}],"version-history":[{"count":3,"href":"https:\/\/walksintra.com\/pt\/wp-json\/wp\/v2\/pages\/4993\/revisions"}],"predecessor-version":[{"id":5003,"href":"https:\/\/walksintra.com\/pt\/wp-json\/wp\/v2\/pages\/4993\/revisions\/5003"}],"wp:attachment":[{"href":"https:\/\/walksintra.com\/pt\/wp-json\/wp\/v2\/media?parent=4993"}],"curies":[{"name":"wp","href":"https:\/\/api.w.org\/{rel}","templated":true}]}}