{"id":4917,"date":"2021-01-09T13:02:34","date_gmt":"2021-01-09T13:02:34","guid":{"rendered":"https:\/\/walksintra.com\/?page_id=4917"},"modified":"2021-01-09T13:02:34","modified_gmt":"2021-01-09T13:02:34","slug":"politica-de-cookies","status":"publish","type":"page","link":"https:\/\/walksintra.com\/pt\/politica-de-cookies\/","title":{"rendered":"Pol\u00edtica de Cookies"},"content":{"rendered":"<section id=\"bt_bb_section69ebbe183813d\" class=\"bt_bb_section bt_bb_layout_boxed_1200\"  data-bt-override-class=\"null\"><div class=\"bt_bb_port\"><div class=\"bt_bb_cell\"><div class=\"bt_bb_cell_inner\"><div class=\"bt_bb_row\"  data-bt-override-class=\"{}\"><div class=\"bt_bb_row_holder\" ><div  class=\"bt_bb_column col-xxl-12 col-xl-12 bt_bb_vertical_align_top bt_bb_align_left bt_bb_padding_normal\" style=\"; --column-width:12;\" data-width=\"12\" data-bt-override-class=\"{}\"><div class=\"bt_bb_column_content\"><div class=\"bt_bb_column_content_inner\"><div  class=\"bt_bb_text\" ><\/p>\n<h5 style=\"text-align: center;\"><b>Sobre Cookies<\/b><\/h5>\n<p><b>O que s\u00e3o cookies?<\/b><\/p>\n<p><span style=\"font-weight: 400;\">&#8220;Cookies&#8221; s\u00e3o pequenas etiquetas de software que s\u00e3o armazenadas no seu computador atrav\u00e9s do navegador (browser), retendo apenas informa\u00e7\u00e3o relacionada com as suas prefer\u00eancias, n\u00e3o incluindo, como tal, os seus dados pessoais.<\/span><\/p>\n<p><b>Para que servem os Cookies?<\/b><\/p>\n<p><span style=\"font-weight: 400;\">Os cookies servem para ajudar a determinar a utilidade, interesse e o n\u00famero de utiliza\u00e7\u00f5es dos seus websites, permitindo uma navega\u00e7\u00e3o mais r\u00e1pida e eficiente, eliminando a necessidade de introduzir repetidamente as mesmas informa\u00e7\u00f5es.<\/span><\/p>\n<p><b>Que tipo de cookies existem?<\/b><\/p>\n<p><span style=\"font-weight: 400;\">Existem dois grupos cookies que podem ser utilizados:<\/span><\/p>\n<p><b>&#8211; Cookies permanentes &#8211;<\/b><span style=\"font-weight: 400;\"> s\u00e3o cookies que ficam armazenados ao n\u00edvel do browser nos seus equipamentos de acesso (PC, mobile e tablet) e que s\u00e3o utilizados sempre que faz uma nova visita a um dos nossos websites. S\u00e3o utilizados, geralmente, para direcionar a navega\u00e7\u00e3o aos interesses do utilizador, permitindo-nos prestar um servi\u00e7o mais personalizado.<\/span><\/p>\n<p><b>&#8211; Cookies de sess\u00e3o &#8211;<\/b><span style=\"font-weight: 400;\"> s\u00e3o cookies tempor\u00e1rios que permanecem no arquivo de cookies do seu browser at\u00e9 sair do website. A informa\u00e7\u00e3o obtida por estes cookies serve para analisar padr\u00f5es de tr\u00e1fego na web, permitindo-nos identificar problemas e fornecer uma melhor experiencia de navega\u00e7\u00e3o.<\/span><\/p>\n<p><b>Para que fins utilizamos cookies?<\/b><\/p>\n<p><b>&#8211; Cookies estritamente necess\u00e1rios &#8211;<\/b><span style=\"font-weight: 400;\"> Permitem que navegue no website e utilize as suas aplica\u00e7\u00f5es, bem como aceder a \u00e1reas seguras do website. Sem estes cookies, os servi\u00e7os que tenha requerido n\u00e3o podem ser prestados.<\/span><\/p>\n<p><b>&#8211; Cookies anal\u00edticos &#8211;<\/b><span style=\"font-weight: 400;\"> S\u00e3o utilizados anonimamente para efeitos de cria\u00e7\u00e3o e an\u00e1lise de estat\u00edsticas, no sentido de melhorar o funcionamento do website.<\/span><\/p>\n<p><b>&#8211; Cookies de funcionalidade &#8211;<\/b><span style=\"font-weight: 400;\"> Guardam as prefer\u00eancias do utilizador relativamente \u00e0 utiliza\u00e7\u00e3o do site, para que n\u00e3o seja necess\u00e1rio voltar a configurar o site cada vez que o visita.<\/span><\/p>\n<p><b>&#8211; Cookies de terceiros &#8211;<\/b><span style=\"font-weight: 400;\"> Medem o sucesso de aplica\u00e7\u00f5es e a efic\u00e1cia da publicidade de terceiros. Podem tamb\u00e9m ser utilizados no sentido de personalizar um widget com dados do utilizador.<\/span><\/p>\n<p><b>Cookies de publicidade &#8211;<\/b><span style=\"font-weight: 400;\"> Direcionam a publicidade em fun\u00e7\u00e3o dos interesses de cada utilizador, por forma a direcionar as campanhas publicit\u00e1rias tendo em conta os gostos dos utilizadores, sendo que, al\u00e9m disso, limitam a quantidade de vezes que v\u00ea o an\u00fancio, ajudando a medir a efic\u00e1cia da publicidade e o sucesso da organiza\u00e7\u00e3o do website.<\/span><\/p>\n<p><b>Como pode gerir os cookies?<\/b><\/p>\n<p><span style=\"font-weight: 400;\">Todos os browsers permitem ao utilizador aceitar, recusar ou apagar cookies, nomeadamente atrav\u00e9s da sele\u00e7\u00e3o das defini\u00e7\u00f5es apropriadas no respetivo navegador. Pode configurar os cookies no menu &#8220;op\u00e7\u00f5es&#8221; ou &#8220;prefer\u00eancias&#8221; do seu browser.<\/span><\/p>\n<p><span style=\"font-weight: 400;\">Note-se, no entanto, que, ao desativar cookies, pode impedir que alguns servi\u00e7os da web funcionem corretamente, afetando, parcial ou totalmente, a navega\u00e7\u00e3o no website.<\/span><\/p>\n<p><span style=\"font-weight: 400;\">Links<\/span><\/p>\n<p><span style=\"font-weight: 400;\">Para obter mais informa\u00e7\u00f5es sobre cookies e a respetiva utiliza\u00e7\u00e3o, sugerimos que consulte os seguintes links, que apenas se encontram em vers\u00e3o inglesa:<\/span><\/p>\n<p><span style=\"font-weight: 400;\">Microsoft Cookies Guide \u200b<\/span><\/p>\n<p><span style=\"font-weight: 400;\">All About Cookies\u200b\u200b<\/span><\/p>\n<p>\n<\/div><\/div><\/div><\/div><\/div><\/div><\/div><!-- cell_inner --><\/div><!-- cell --><\/div><!-- port --><\/section>","protected":false},"excerpt":{"rendered":"","protected":false},"author":1,"featured_media":0,"parent":0,"menu_order":0,"comment_status":"closed","ping_status":"closed","template":"","meta":{"_monsterinsights_skip_tracking":false,"_monsterinsights_sitenote_active":false,"_monsterinsights_sitenote_note":"","_monsterinsights_sitenote_category":0,"footnotes":""},"class_list":["post-4917","page","type-page","status-publish","hentry"],"_links":{"self":[{"href":"https:\/\/walksintra.com\/pt\/wp-json\/wp\/v2\/pages\/4917","targetHints":{"allow":["GET"]}}],"collection":[{"href":"https:\/\/walksintra.com\/pt\/wp-json\/wp\/v2\/pages"}],"about":[{"href":"https:\/\/walksintra.com\/pt\/wp-json\/wp\/v2\/types\/page"}],"author":[{"embeddable":true,"href":"https:\/\/walksintra.com\/pt\/wp-json\/wp\/v2\/users\/1"}],"replies":[{"embeddable":true,"href":"https:\/\/walksintra.com\/pt\/wp-json\/wp\/v2\/comments?post=4917"}],"version-history":[{"count":1,"href":"https:\/\/walksintra.com\/pt\/wp-json\/wp\/v2\/pages\/4917\/revisions"}],"predecessor-version":[{"id":4918,"href":"https:\/\/walksintra.com\/pt\/wp-json\/wp\/v2\/pages\/4917\/revisions\/4918"}],"wp:attachment":[{"href":"https:\/\/walksintra.com\/pt\/wp-json\/wp\/v2\/media?parent=4917"}],"curies":[{"name":"wp","href":"https:\/\/api.w.org\/{rel}","templated":true}]}}