{"id":4910,"date":"2021-01-09T12:41:14","date_gmt":"2021-01-09T12:41:14","guid":{"rendered":"https:\/\/walksintra.com\/?page_id=4910"},"modified":"2021-01-09T12:48:51","modified_gmt":"2021-01-09T12:48:51","slug":"politica-de-privacidade","status":"publish","type":"page","link":"https:\/\/walksintra.com\/pt\/politica-de-privacidade\/","title":{"rendered":"Pol\u00edtica de Privacidade"},"content":{"rendered":"<section id=\"bt_bb_section69ebbe7b7f102\" class=\"bt_bb_section bt_bb_layout_boxed_1200\"  data-bt-override-class=\"null\"><div class=\"bt_bb_port\"><div class=\"bt_bb_cell\"><div class=\"bt_bb_cell_inner\"><div class=\"bt_bb_row\"  data-bt-override-class=\"{}\"><div class=\"bt_bb_row_holder\" ><div  class=\"bt_bb_column col-xxl-12 col-xl-12 bt_bb_vertical_align_top bt_bb_align_left bt_bb_padding_normal\" style=\"; --column-width:12;\" data-width=\"12\" data-bt-override-class=\"{}\"><div class=\"bt_bb_column_content\"><div class=\"bt_bb_column_content_inner\"><div  class=\"bt_bb_text\" ><\/p>\n<h5 style=\"text-align: center;\"><b>POL\u00cdTICA DE PRIVACIDADE E PROTE\u00c7\u00c3O DE DADOS PESSOAIS<\/b><\/h5>\n<p><span style=\"font-weight: 400;\">Nesta Pol\u00edtica pretende-se dar a conhecer aos Utilizadores as regras gerais de tratamento de dados pessoais, os quais s\u00e3o recolhidos e tratados no estrito respeito e cumprimento do disposto na legisla\u00e7\u00e3o de prote\u00e7\u00e3o de dados pessoais em vigor em cada momento.<\/span><\/p>\n<p><span style=\"font-weight: 400;\">WALK SINTRA\u00a0est\u00e1 empenhado em proteger a privacidade dos dados pessoais dos utilizadores do s\u00edtio web www.walksintra.com, adiante referido por &#8220;website&#8221;, propriedade de Valle de Sintra, Lda.<\/span><\/p>\n<p><span style=\"font-weight: 400;\">Neste contexto, elaborou a presente Pol\u00edtica de Privacidade e Prote\u00e7\u00e3o de Dados Pessoais, assumindo o compromisso de respeito para com as regras da privacidade e prote\u00e7\u00e3o de dados pessoais constantes do Regulamento (UE) 2016\/679 do Parlamento Europeu e do Conselho, de 27 de abril de 2016 (RGPD), relativo \u00e0 prote\u00e7\u00e3o das pessoas singulares no que diz respeito ao tratamento de dados pessoais e \u00e0 circula\u00e7\u00e3o desses dados, bem como da legisla\u00e7\u00e3o nacional aplic\u00e1vel, bem como tomou as medidas t\u00e9cnicas e organizativas necess\u00e1rias por forma a cumprir o RGPD e garantir que o tratamento dos dados pessoais \u00e9 l\u00edcito, leal, transparente e limitado \u00e0s finalidades autorizadas.<\/span><\/p>\n<p><span style=\"font-weight: 400;\">WALK SINTRA\u00a0est\u00e1 igualmente empenhado na prote\u00e7\u00e3o e confidencialidade dos dados pessoais, tendo adotado as medidas que considera adequadas para assegurar a exatid\u00e3o, integridade e confidencialidade dos dados pessoais, bem como, todos os demais direitos que assistem aos respetivos titulares.<\/span><\/p>\n<p><b>Respons\u00e1vel pelo tratamento dos dados<\/b><\/p>\n<p><span style=\"font-weight: 400;\">WALK SINTRA\u00a0\u00e9 o respons\u00e1vel pela recolha e posterior tratamento dos dados pessoais que forem recolhidos durante a utiliza\u00e7\u00e3o e\/ou registo neste website.<\/span><\/p>\n<p><span style=\"font-weight: 400;\">A\u00a0WALK SINTRA\u00a0designou um Encarregado de Prote\u00e7\u00e3o de Dados, que poder\u00e1 ser contactado pelo endere\u00e7o eletr\u00f3nico\u00a0<\/span><a href=\"mailto:epd@walksintra.com\"><span style=\"font-weight: 400;\">epd@walksintra.com<\/span><\/a><span style=\"font-weight: 400;\">\u00a0ou por carta para R. Paderna 5, Sintra, 2710-604, Portugal.<\/span><\/p>\n<p><b>Finalidades e licitude do tratamento dos dados<\/b><\/p>\n<p><span style=\"font-weight: 400;\">A recolha e o posterior tratamento dos dados pessoais feitos no \u00e2mbito do acesso e utiliza\u00e7\u00e3o dos servi\u00e7os disponibilizados no website walksintra.com, corresponder\u00e3o ao estritamente necess\u00e1rio \u00e0 prossecu\u00e7\u00e3o das finalidades de melhorar e desempenho e experi\u00eancia do utilizador.<\/span><\/p>\n<p><b>Categorias de dados pessoais<\/b><\/p>\n<p><span style=\"font-weight: 400;\">WALK SINTRA\u00a0apena trata os dados pessoais estritamente necess\u00e1rios para o cumprimento das finalidades descritas, em cumprimento com a legisla\u00e7\u00e3o em vigor em mat\u00e9ria de prote\u00e7\u00e3o de dados pessoais.<\/span><\/p>\n<p><span style=\"font-weight: 400;\">Os dados pessoais sujeitos a tratamento por parte de\u00a0WALK SINTRA\u00a0s\u00e3o de natureza diversa de acordo com a informa\u00e7\u00e3o e servi\u00e7os promovidos. Alguns dos dados pedidos nos formul\u00e1rios s\u00e3o de recolha obrigat\u00f3ria, sob pena de n\u00e3o ser poss\u00edvel prestar o servi\u00e7o.<\/span><\/p>\n<p><span style=\"font-weight: 400;\">De acordo com o tipo de servi\u00e7os prestados podem ser recolhidos: o endere\u00e7o IP; o nome; o endere\u00e7o eletr\u00f3nico; e o n\u00famero de telem\u00f3vel; bem como a localiza\u00e7\u00e3o GPS para o funcionamento dos mapas e percursos.<\/span><\/p>\n<p><b>Destinat\u00e1rios dos dados pessoais<\/b><\/p>\n<p><span style=\"font-weight: 400;\">Os dados pessoais recolhidos destinam-se a ser utilizados por\u00a0WALK SINTRA, n\u00e3o estando prevista nenhuma transmiss\u00e3o para outras entidades e, no(s) caso(s) em que possa ocorrer, ser\u00e1 previamente solicitado o devido consentimento nos termos da regulamenta\u00e7\u00e3o comunit\u00e1ria e legisla\u00e7\u00e3o em vigor em mat\u00e9ria de prote\u00e7\u00e3o de dados pessoais ou, se for necess\u00e1rio para efeitos de investiga\u00e7\u00e3o cient\u00edfica, hist\u00f3rica ou para fins estat\u00edsticos, ser\u00e1 respeitada a referida regulamenta\u00e7\u00e3o e legisla\u00e7\u00e3o.<\/span><\/p>\n<p><b>Conserva\u00e7\u00e3o dos dados pessoais<\/b><\/p>\n<p><span style=\"font-weight: 400;\">Conforme resulta da regulamenta\u00e7\u00e3o comunit\u00e1ria e legisla\u00e7\u00e3o nacional, os dados pessoais obtidos s\u00e3o conservados no respeito pelos prazos e modos definidos na legisla\u00e7\u00e3o aplic\u00e1vel.<\/span><\/p>\n<p><span style=\"font-weight: 400;\">Os dados ser\u00e3o conservados apenas pelo per\u00edodo de tempo adequado e na medida do necess\u00e1rio \u00e0 prossecu\u00e7\u00e3o da finalidade para o qual foram recolhidos.<\/span><\/p>\n<p><b>Direitos dos titulares dos dados<\/b><\/p>\n<p><span style=\"font-weight: 400;\">O titular dos dados pessoais, relativamente aos dados pessoais que lhe digam respeito, tem os seguintes direitos:<\/span><\/p>\n<p><span style=\"font-weight: 400;\">1- A exercer perante WALK SINTA: direito de informa\u00e7\u00e3o; direito de acesso; direito \u00e0 retifica\u00e7\u00e3o dos dados inexatos; direito de apagamento; direito \u00e0 limita\u00e7\u00e3o do tratamento; direito \u00e0 minimiza\u00e7\u00e3o dos dados; direito de se opor ao tratamento; direito de portabilidade dos dados; direito \u00e0 n\u00e3o sujei\u00e7\u00e3o a decis\u00f5es individuais automatizadas; nas situa\u00e7\u00f5es de consentimento, direito de retirar consentimento em qualquer altura, sem comprometer a licitude do tratamento efetuado com base no consentimento previamente dado;<\/span><\/p>\n<p><span style=\"font-weight: 400;\">2- A exercer perante o Encarregado de Prote\u00e7\u00e3o de Dados: direito de apresentar exposi\u00e7\u00f5es;<\/span><\/p>\n<p><span style=\"font-weight: 400;\">3- A exercer perante a autoridade de controlo (nomeadamente, Comiss\u00e3o Nacional de Prote\u00e7\u00e3o de Dados): direito de apresentar reclama\u00e7\u00e3o;<\/span><\/p>\n<p><span style=\"font-weight: 400;\">4- A exercer perante as inst\u00e2ncias jurisdicionais competentes: direito a a\u00e7\u00e3o judicial e a indemniza\u00e7\u00e3o no caso de viola\u00e7\u00e3o dos seus direitos.<\/span><\/p>\n<p><b>Transfer\u00eancia internacional de dados<\/b><\/p>\n<p><span style=\"font-weight: 400;\">A\u00a0WALK SINTRA\u00a0n\u00e3o tenciona transferir dados pessoais para um pa\u00eds terceiro ou para uma organiza\u00e7\u00e3o internacional.<\/span><\/p>\n<p><span style=\"font-weight: 400;\">Ocasionalmente a\u00a0WALK SINTRA\u00a0poder\u00e1 atualizar a presente Pol\u00edtica de Privacidade e Prote\u00e7\u00e3o de Dados Pessoais, pelo que solicitamos que reveja periodicamente este documento para se manter atualizado.<\/span><\/p>\n<p><span style=\"font-weight: 400;\">Pode consultar a nossa Pol\u00edtica de Cookies aqui.<\/span><\/p>\n<p>\n<\/div><\/div><\/div><\/div><\/div><\/div><\/div><!-- cell_inner --><\/div><!-- cell --><\/div><!-- port --><\/section>","protected":false},"excerpt":{"rendered":"","protected":false},"author":1,"featured_media":0,"parent":0,"menu_order":0,"comment_status":"closed","ping_status":"closed","template":"","meta":{"_monsterinsights_skip_tracking":false,"_monsterinsights_sitenote_active":false,"_monsterinsights_sitenote_note":"","_monsterinsights_sitenote_category":0,"footnotes":""},"class_list":["post-4910","page","type-page","status-publish","hentry"],"_links":{"self":[{"href":"https:\/\/walksintra.com\/pt\/wp-json\/wp\/v2\/pages\/4910","targetHints":{"allow":["GET"]}}],"collection":[{"href":"https:\/\/walksintra.com\/pt\/wp-json\/wp\/v2\/pages"}],"about":[{"href":"https:\/\/walksintra.com\/pt\/wp-json\/wp\/v2\/types\/page"}],"author":[{"embeddable":true,"href":"https:\/\/walksintra.com\/pt\/wp-json\/wp\/v2\/users\/1"}],"replies":[{"embeddable":true,"href":"https:\/\/walksintra.com\/pt\/wp-json\/wp\/v2\/comments?post=4910"}],"version-history":[{"count":2,"href":"https:\/\/walksintra.com\/pt\/wp-json\/wp\/v2\/pages\/4910\/revisions"}],"predecessor-version":[{"id":4915,"href":"https:\/\/walksintra.com\/pt\/wp-json\/wp\/v2\/pages\/4910\/revisions\/4915"}],"wp:attachment":[{"href":"https:\/\/walksintra.com\/pt\/wp-json\/wp\/v2\/media?parent=4910"}],"curies":[{"name":"wp","href":"https:\/\/api.w.org\/{rel}","templated":true}]}}