{"id":4850,"date":"2020-12-29T12:25:41","date_gmt":"2020-12-29T12:25:41","guid":{"rendered":"https:\/\/walksintra.com\/?page_id=4850"},"modified":"2022-04-27T12:49:13","modified_gmt":"2022-04-27T12:49:13","slug":"sintra-2","status":"publish","type":"page","link":"https:\/\/walksintra.com\/pt\/sintra-2\/","title":{"rendered":"Sintra"},"content":{"rendered":"<p><section id=\"bt_bb_section69ebbe7b940ce\" class=\"bt_bb_section bt_bb_layout_boxed_1000 bt_bb_vertical_align_top bt_bb_top_spacing_medium\"  data-bt-override-class=\"null\"><div class=\"bt_bb_port\"><div class=\"bt_bb_cell\"><div class=\"bt_bb_cell_inner\"><div class=\"bt_bb_row\"  data-bt-override-class=\"{}\"><div class=\"bt_bb_row_holder\" ><div  class=\"bt_bb_column col-xxl-2 col-xl-2 bt_bb_vertical_align_top bt_bb_align_left bt_bb_padding_normal\" style=\"; --column-width:2;\" data-width=\"2\" data-bt-override-class=\"{}\"><div class=\"bt_bb_column_content\"><div class=\"bt_bb_column_content_inner\"><\/div><\/div><\/div><div  class=\"bt_bb_column col-xxl-8 col-xl-8 bt_bb_vertical_align_top bt_bb_align_center bt_bb_padding_normal\" style=\"; --column-width:8;\" data-width=\"8\" data-bt-override-class=\"{}\"><div class=\"bt_bb_column_content\"><div class=\"bt_bb_column_content_inner\"><header class=\"bt_bb_headline bt_bb_font_weight_normal bt_bb_dash_none bt_bb_subheadline bt_bb_size_large bt_bb_align_inherit\" data-bt-override-class=\"{}\"><h2 class=\"bt_bb_headline_tag\"><span class=\"bt_bb_headline_content\"><span>Sintra<\/span><\/span><\/h2><div class=\"bt_bb_headline_subheadline\">Breve introdu\u00e7\u00e3o para os caminhantes<\/div><\/header><div class=\"bt_bb_separator bt_bb_border_style_none bt_bb_bottom_spacing_normal\" data-bt-override-class=\"null\"><\/div><\/div><\/div><\/div><div  class=\"bt_bb_column col-xxl-2 col-xl-2 bt_bb_vertical_align_top bt_bb_align_left bt_bb_padding_normal\" style=\"; --column-width:2;\" data-width=\"2\" data-bt-override-class=\"{}\"><div class=\"bt_bb_column_content\"><div class=\"bt_bb_column_content_inner\"><\/div><\/div><\/div><\/div><\/div><\/div><!-- cell_inner --><\/div><!-- cell --><\/div><!-- port --><\/section><section id=\"bt_bb_section69ebbe7b9459f\" class=\"bt_bb_section bt_bb_layout_boxed_900 bt_bb_vertical_align_top bt_bb_bottom_spacing_medium\"  data-bt-override-class=\"null\"><div class=\"bt_bb_port\"><div class=\"bt_bb_cell\"><div class=\"bt_bb_cell_inner\"><div class=\"bt_bb_row\"  data-bt-override-class=\"{}\"><div class=\"bt_bb_row_holder\" ><div  class=\"bt_bb_column col-xxl-12 col-xl-12 bt_bb_vertical_align_top bt_bb_align_center bt_bb_padding_normal\" style=\"; --column-width:12;\" data-width=\"12\" data-bt-override-class=\"{}\"><div class=\"bt_bb_column_content\"><div class=\"bt_bb_column_content_inner\"><div  class=\"bt_bb_text\" ><\/p>\n<p>Sintra \u2013 localizada apenas a 30 kms de Lisboa e a 15 kms de Cascais, \u00e9 de f\u00e1cil acesso, atrav\u00e9s de comboio, autocarro ou de carro \u2013 para quem a visita, \u00e9 um mundo \u00e0 parte!<\/p>\n<p>\u00c9 reconhec\u00edvel \u00e0 dist\u00e2ncia, atrav\u00e9s do colorido e majestoso Pal\u00e1cio da Pena no topo da serra. Sintra \u00e9 o local onde os reis viveram e passaram os seus ver\u00f5es.\u00a0 Foi tamb\u00e9m em Sintra, onde as pessoas da alta sociedade acompanharam os seus reis. Pal\u00e1cios, mosteiros, casas senhoriais e propriedades que adornam a regi\u00e3o e com uma arquitetura magn\u00edfica que harmoniza perfeitamente com a vegeta\u00e7\u00e3o singular e centen\u00e1ria de Sintra. Jardins ex\u00f3ticos e cal\u00e7adas fazem parte da paisagem, juntamente com as vinhas dos famosos vinhos de Colares plantados para serviras cortes reais.<\/p>\n<p>A Paisagem Cultural de Sintra \u00e9 considerada Patrim\u00f3nio Mundial da Unesco e \u00e9 capital do Romantismo, desde 1995.\u00a0 Alguns dos principais pontos a visitar s\u00e3o o <a href=\"https:\/\/casadovalle.com\/pena-palace-and-park\/\">Parque e Pal\u00e1cio da Pena,<\/a> o <a href=\"https:\/\/casadovalle.com\/the-castle-of-the-moors-castelo-dos-mouros\/\">Castelo de Mouro<\/a>, o Pal\u00e1cio Nacional, o Parque e o Pal\u00e1cio de Monserrate, a <a href=\"https:\/\/casadovalle.com\/quinta-da-regaleira-the-mystical-place-of-masonry-art-and-master-landscaping\/\">Quinta da Regaleira<\/a>, o Pal\u00e1cio Nacional e Jardins de Queluz, o Pal\u00e1cio de Seteais, o Convento dos Capuchos, e v\u00e1rios outros locais de interesse.<\/p>\n<p>\n<\/div><\/div><\/div><\/div><\/div><\/div><\/div><!-- cell_inner --><\/div><!-- cell --><\/div><!-- port --><\/section><section id=\"bt_bb_section69ebbe7b94929\" class=\"bt_bb_section bt_bb_layout_wide bt_bb_vertical_align_top\"  data-bt-override-class=\"null\"><div class=\"bt_bb_port\"><div class=\"bt_bb_cell\"><div class=\"bt_bb_cell_inner\"><div class=\"bt_bb_row  bt_bb_column_gap_0\" style=\"; --column-gap:0px;\" data-bt-override-class=\"{}\"><div class=\"bt_bb_row_holder\" ><div  class=\"bt_bb_column col-xxl-12 col-xl-12 bt_bb_vertical_align_top bt_bb_align_left bt_bb_padding_normal\" style=\"; --column-width:12;\" data-width=\"12\" data-bt-override-class=\"{&quot;bt_bb_align_&quot;:{&quot;current_class&quot;:&quot;bt_bb_align_left&quot;,&quot;xxl&quot;:&quot;left&quot;,&quot;xl&quot;:&quot;left&quot;}}\"><div class=\"bt_bb_column_content\"><div class=\"bt_bb_column_content_inner\"><div class=\"bt_bb_slider bt_bb_height_auto bt_bb_multiple_slides bt_bb_multiple_slides bt_bb_animation_slide animate\"><div class=\"slick-slider\"  data-slick='{ \"lazyLoad\": \"progressive\", \"cssEase\": \"ease-out\", \"speed\": \"300\", \"adaptiveHeight\": true, \"prevArrow\": \"\", \"nextArrow\": \"\",\"slidesToShow\": 3, \"autoplay\": true, \"autoplaySpeed\": 3500,\"slidesToShow\": 3, \"responsive\": [{ \"breakpoint\": 480, \"settings\": { \"slidesToShow\": 1, \"slidesToScroll\": 1 } },{ \"breakpoint\": 768, \"settings\": { \"slidesToShow\": 2, \"slidesToScroll\": 2 } },{ \"breakpoint\": 992, \"settings\": { \"slidesToShow\": 3, \"slidesToScroll\": 3 } },{ \"breakpoint\": 1200, \"settings\": { \"slidesToShow\": 3, \"slidesToScroll\": 3 } },{ \"breakpoint\": 1400, \"settings\": { \"slidesToShow\": 3, \"slidesToScroll\": 3 } }]}' ><div class=\"bt_bb_slider_item\" data-src-full=\"https:\/\/walksintra.com\/wp-content\/uploads\/2021\/03\/sintra_4-1.jpg\"><img decoding=\"async\" src=\"https:\/\/walksintra.com\/wp-content\/uploads\/2021\/03\/sintra_4-1.jpg\" alt=\"sintra_4\"  title=\"sintra_4\"><\/div><div class=\"bt_bb_slider_item\" data-src-full=\"https:\/\/walksintra.com\/wp-content\/uploads\/2021\/03\/sintra_3.jpg\"><img decoding=\"async\" src=\"https:\/\/walksintra.com\/wp-content\/uploads\/2021\/03\/sintra_3.jpg\" alt=\"sintra_3\"  title=\"sintra_3\"><\/div><div class=\"bt_bb_slider_item\" data-src-full=\"https:\/\/walksintra.com\/wp-content\/uploads\/2021\/05\/palacio-nacional-de-sintra.jpg\"><img decoding=\"async\" src=\"https:\/\/walksintra.com\/wp-content\/uploads\/2021\/05\/palacio-nacional-de-sintra.jpg\" alt=\"palacio-nacional-de-sintra\"  title=\"palacio-nacional-de-sintra\"><\/div><\/div><\/div><\/div><\/div><\/div><\/div><\/div><\/div><!-- cell_inner --><\/div><!-- cell --><\/div><!-- port --><\/section><section id=\"bt_bb_section69ebbe7b95de1\" class=\"bt_bb_section bt_bb_layout_boxed_1200\"  data-bt-override-class=\"null\"><div class=\"bt_bb_port\"><div class=\"bt_bb_cell\"><div class=\"bt_bb_cell_inner\"><div class=\"bt_bb_row\"  data-bt-override-class=\"{}\"><div class=\"bt_bb_row_holder\" ><div  class=\"bt_bb_column col-xxl-12 col-xl-12 bt_bb_vertical_align_top bt_bb_align_left bt_bb_padding_normal\" style=\"; --column-width:12;\" data-width=\"12\" data-bt-override-class=\"{}\"><div class=\"bt_bb_column_content\"><div class=\"bt_bb_column_content_inner\"><div class=\"bt_bb_separator bt_bb_border_style_none bt_bb_top_spacing_normal bt_bb_bottom_spacing_normal\" data-bt-override-class=\"null\"><\/div><\/div><\/div><\/div><\/div><\/div><\/div><!-- cell_inner --><\/div><!-- cell --><\/div><!-- port --><\/section><section id=\"bt_bb_section69ebbe7b96131\" class=\"bt_bb_section bt_bb_color_scheme_12 bt_bb_layout_boxed_1200 bt_bb_vertical_align_top bt_bb_top_spacing_medium bt_bb_bottom_spacing_large\" style=\"margin-right: 20px; margin-left: 20px;; --section-primary-color:#1976bc; --section-secondary-color:#8dc645;\" data-bt-override-class=\"null\"><div class=\"bt_bb_port\"><div class=\"bt_bb_cell\"><div class=\"bt_bb_cell_inner\"><div class=\"bt_bb_row\"  data-bt-override-class=\"{}\"><div class=\"bt_bb_row_holder\" ><div  class=\"bt_bb_column col-xxl-6 col-xl-6 bt_bb_vertical_align_middle bt_bb_align_left bt_bb_padding_normal\" style=\"; --column-width:6;\" data-width=\"6\" data-bt-override-class=\"{&quot;bt_bb_align_&quot;:{&quot;current_class&quot;:&quot;bt_bb_align_left&quot;,&quot;xxl&quot;:&quot;left&quot;,&quot;xl&quot;:&quot;left&quot;}}\"><div class=\"bt_bb_column_content\"><div class=\"bt_bb_column_content_inner\"><header class=\"bt_bb_headline bt_bb_font_weight_light bt_bb_dash_none bt_bb_subheadline bt_bb_size_large bt_bb_align_inherit\" data-bt-override-class=\"{}\"><h4 class=\"bt_bb_headline_tag\"><span class=\"bt_bb_headline_content\"><span>Contacte-<s>nos<\/s><\/span><\/span><\/h4><div class=\"bt_bb_headline_subheadline\">Se quiser mais informa\u00e7\u00f5es sobre os nossos trilhos, percursos exclusivos ou se quiser colaborar connosco, contacte-nos.<\/div><\/header><div class=\"bt_bb_separator bt_bb_border_style_none bt_bb_top_spacing_large bt_bb_hidden_md bt_bb_hidden_lg\" data-bt-override-class=\"null\"><\/div><\/div><\/div><\/div><div  class=\"bt_bb_column col-xxl-6 col-xl-6 bt_bb_vertical_align_top bt_bb_align_left bt_bb_padding_normal\" style=\"; --column-width:6;\" data-width=\"6\" data-bt-override-class=\"{&quot;bt_bb_align_&quot;:{&quot;current_class&quot;:&quot;bt_bb_align_left&quot;,&quot;xxl&quot;:&quot;left&quot;,&quot;xl&quot;:&quot;left&quot;}}\"><div class=\"bt_bb_column_content\"><div class=\"bt_bb_column_content_inner\"><div class=\"bt_bb_row_inner\"   data-bt-override-class=\"{}\"><div class=\"bt_bb_row_inner_holder\"  ><div  class=\"bt_bb_column_inner col-xxl-4 col-xl-4 bt_bb_vertical_align_top bt_bb_align_center bt_bb_padding_normal\"  data-width=\"4\" data-bt-override-class=\"{}\"><div class=\"bt_bb_column_inner_content\"><div class=\"bt_bb_column_inner_content_inner\"><div class=\"bt_bb_icon bt_bb_color_scheme_2 bt_bb_style_filled bt_bb_size_large bt_bb_shape_circle bt_bb_target_self bt_bb_text_empty bt_bb_align_inherit\" style=\"; --icon-primary-color:#181818; --icon-secondary-color:#ffffff;\" data-bt-override-class=\"{}\"><span  data-ico-travel3=\"&#xe90d;\" class=\"bt_bb_icon_holder\"><\/span><\/div><div class=\"bt_bb_separator bt_bb_border_style_none bt_bb_bottom_spacing_small\" data-bt-override-class=\"null\"><\/div><header class=\"bt_bb_headline bt_bb_color_scheme_1 bt_bb_dash_none bt_bb_subheadline bt_bb_size_extrasmall bt_bb_align_inherit\" style=\"; --primary-color:#ffffff; --secondary-color:#181818;\" data-bt-override-class=\"{}\"><h5 class=\"bt_bb_headline_tag\"><span class=\"bt_bb_headline_content\"><span><b>Informa\u00e7\u00e3o Geral<\/b><\/span><\/span><\/h5><div class=\"bt_bb_headline_subheadline\">info@walksintra.com<\/div><\/header><div class=\"bt_bb_separator bt_bb_border_style_none bt_bb_top_spacing_medium bt_bb_hidden_md bt_bb_hidden_lg\" data-bt-override-class=\"null\"><\/div><\/div><\/div><\/div><div  class=\"bt_bb_column_inner col-xxl-4 col-xl-4 bt_bb_vertical_align_top bt_bb_align_center bt_bb_padding_normal\"  data-width=\"4\" data-bt-override-class=\"{}\"><div class=\"bt_bb_column_inner_content\"><div class=\"bt_bb_column_inner_content_inner\"><div class=\"bt_bb_icon bt_bb_color_scheme_2 bt_bb_style_filled bt_bb_size_large bt_bb_shape_circle bt_bb_target_self bt_bb_text_empty bt_bb_align_inherit\" style=\"; --icon-primary-color:#181818; --icon-secondary-color:#ffffff;\" data-bt-override-class=\"{}\"><span  data-ico-essential=\"&#xe9bb;\" class=\"bt_bb_icon_holder\"><\/span><\/div><div class=\"bt_bb_separator bt_bb_border_style_none bt_bb_bottom_spacing_small\" data-bt-override-class=\"null\"><\/div><header class=\"bt_bb_headline bt_bb_color_scheme_1 bt_bb_dash_none bt_bb_subheadline bt_bb_size_extrasmall bt_bb_align_inherit\" style=\"; --primary-color:#ffffff; --secondary-color:#181818;\" data-bt-override-class=\"{&quot;bt_bb_size_&quot;:{&quot;current_class&quot;:&quot;bt_bb_size_extrasmall&quot;,&quot;xxl&quot;:&quot;extrasmall&quot;,&quot;xl&quot;:&quot;extrasmall&quot;},&quot;bt_bb_align_&quot;:{&quot;current_class&quot;:&quot;bt_bb_align_inherit&quot;,&quot;xxl&quot;:&quot;inherit&quot;,&quot;xl&quot;:&quot;inherit&quot;}}\"><h5 class=\"bt_bb_headline_tag\"><span class=\"bt_bb_headline_content\"><span><b>Parceria<\/b><\/span><\/span><\/h5><div class=\"bt_bb_headline_subheadline\">info@walksintra.com<\/div><\/header><div class=\"bt_bb_separator bt_bb_border_style_none bt_bb_top_spacing_medium bt_bb_hidden_md bt_bb_hidden_lg\" data-bt-override-class=\"null\"><\/div><\/div><\/div><\/div><div  class=\"bt_bb_column_inner col-xxl-4 col-xl-4 bt_bb_vertical_align_top bt_bb_align_center bt_bb_padding_normal\"  data-width=\"4\" data-bt-override-class=\"{}\"><div class=\"bt_bb_column_inner_content\"><div class=\"bt_bb_column_inner_content_inner\"><div class=\"bt_bb_icon bt_bb_color_scheme_2 bt_bb_style_filled bt_bb_size_large bt_bb_shape_circle bt_bb_target_self bt_bb_text_empty bt_bb_align_inherit\" style=\"; --icon-primary-color:#181818; --icon-secondary-color:#ffffff;\" data-bt-override-class=\"{}\"><span  data-ico-essential=\"&#xea28;\" class=\"bt_bb_icon_holder\"><\/span><\/div><div class=\"bt_bb_separator bt_bb_border_style_none bt_bb_bottom_spacing_small\" data-bt-override-class=\"null\"><\/div><header class=\"bt_bb_headline bt_bb_color_scheme_1 bt_bb_dash_none bt_bb_subheadline bt_bb_size_extrasmall bt_bb_align_inherit\" style=\"; --primary-color:#ffffff; --secondary-color:#181818;\" data-bt-override-class=\"{}\"><h5 class=\"bt_bb_headline_tag\"><span class=\"bt_bb_headline_content\"><span><b>Contacte-nos<\/b><\/span><\/span><\/h5><div class=\"bt_bb_headline_subheadline\">+351 919 371 622<\/div><\/header><\/div><\/div><\/div><\/div><\/div><\/div><\/div><\/div><\/div><\/div><\/div><!-- cell_inner --><\/div><!-- cell --><\/div><!-- port --><\/section><\/p>","protected":false},"excerpt":{"rendered":"","protected":false},"author":1,"featured_media":0,"parent":0,"menu_order":0,"comment_status":"closed","ping_status":"closed","template":"","meta":{"_monsterinsights_skip_tracking":false,"_monsterinsights_sitenote_active":false,"_monsterinsights_sitenote_note":"","_monsterinsights_sitenote_category":0,"footnotes":""},"class_list":["post-4850","page","type-page","status-publish","hentry"],"_links":{"self":[{"href":"https:\/\/walksintra.com\/pt\/wp-json\/wp\/v2\/pages\/4850","targetHints":{"allow":["GET"]}}],"collection":[{"href":"https:\/\/walksintra.com\/pt\/wp-json\/wp\/v2\/pages"}],"about":[{"href":"https:\/\/walksintra.com\/pt\/wp-json\/wp\/v2\/types\/page"}],"author":[{"embeddable":true,"href":"https:\/\/walksintra.com\/pt\/wp-json\/wp\/v2\/users\/1"}],"replies":[{"embeddable":true,"href":"https:\/\/walksintra.com\/pt\/wp-json\/wp\/v2\/comments?post=4850"}],"version-history":[{"count":8,"href":"https:\/\/walksintra.com\/pt\/wp-json\/wp\/v2\/pages\/4850\/revisions"}],"predecessor-version":[{"id":5872,"href":"https:\/\/walksintra.com\/pt\/wp-json\/wp\/v2\/pages\/4850\/revisions\/5872"}],"wp:attachment":[{"href":"https:\/\/walksintra.com\/pt\/wp-json\/wp\/v2\/media?parent=4850"}],"curies":[{"name":"wp","href":"https:\/\/api.w.org\/{rel}","templated":true}]}}