{"id":4843,"date":"2020-12-29T12:23:35","date_gmt":"2020-12-29T12:23:35","guid":{"rendered":"https:\/\/walksintra.com\/?page_id=4843"},"modified":"2022-11-08T14:54:02","modified_gmt":"2022-11-08T14:54:02","slug":"sobre-nos","status":"publish","type":"page","link":"https:\/\/walksintra.com\/pt\/sobre-nos\/","title":{"rendered":"Sobre N\u00f3s"},"content":{"rendered":"<p><section id=\"bt_bb_section69ebbda01394b\" class=\"bt_bb_section bt_bb_layout_boxed_1000 bt_bb_vertical_align_top bt_bb_top_spacing_medium\"  data-bt-override-class=\"null\"><div class=\"bt_bb_port\"><div class=\"bt_bb_cell\"><div class=\"bt_bb_cell_inner\"><div class=\"bt_bb_row\"  data-bt-override-class=\"{}\"><div class=\"bt_bb_row_holder\" ><div  class=\"bt_bb_column col-xxl-2 col-xl-2 bt_bb_vertical_align_top bt_bb_align_left bt_bb_padding_normal\" style=\"; --column-width:2;\" data-width=\"2\" data-bt-override-class=\"{}\"><div class=\"bt_bb_column_content\"><div class=\"bt_bb_column_content_inner\"><\/div><\/div><\/div><div  class=\"bt_bb_column col-xxl-8 col-xl-8 bt_bb_vertical_align_top bt_bb_align_center bt_bb_padding_normal bt_bb_animation_fade_in move_up animate\" style=\"; --column-width:8;\" data-width=\"8\" data-bt-override-class=\"{}\"><div class=\"bt_bb_column_content\"><div class=\"bt_bb_column_content_inner\"><header class=\"bt_bb_headline bt_bb_font_weight_normal bt_bb_dash_none bt_bb_subheadline bt_bb_size_large bt_bb_align_inherit\" data-bt-override-class=\"{}\"><h2 class=\"bt_bb_headline_tag\"><span class=\"bt_bb_headline_content\"><span><s><b>Hist\u00f3ria<\/b><\/s> de Walk Sintra<\/span><\/span><\/h2><div class=\"bt_bb_headline_subheadline\">Walk Sintra \u00e9 fruto do amor por Sintra e pela natureza<\/div><\/header><div class=\"bt_bb_separator bt_bb_border_style_none bt_bb_bottom_spacing_normal\" data-bt-override-class=\"null\"><\/div><\/div><\/div><\/div><div  class=\"bt_bb_column col-xxl-2 col-xl-2 bt_bb_vertical_align_top bt_bb_align_left bt_bb_padding_normal\" style=\"; --column-width:2;\" data-width=\"2\" data-bt-override-class=\"{}\"><div class=\"bt_bb_column_content\"><div class=\"bt_bb_column_content_inner\"><\/div><\/div><\/div><\/div><\/div><\/div><!-- cell_inner --><\/div><!-- cell --><\/div><!-- port --><\/section><section id=\"bt_bb_section69ebbda01414a\" class=\"bt_bb_section bt_bb_layout_boxed_900 bt_bb_vertical_align_top bt_bb_bottom_spacing_medium\"  data-bt-override-class=\"null\"><div class=\"bt_bb_port\"><div class=\"bt_bb_cell\"><div class=\"bt_bb_cell_inner\"><div class=\"bt_bb_row\"  data-bt-override-class=\"{}\"><div class=\"bt_bb_row_holder\" ><div  class=\"bt_bb_column col-xxl-12 col-xl-12 bt_bb_vertical_align_top bt_bb_align_center bt_bb_padding_normal bt_bb_animation_fade_in move_up animate\" style=\"; --column-width:12;\" data-width=\"12\" data-bt-override-class=\"{}\"><div class=\"bt_bb_column_content\"><div class=\"bt_bb_column_content_inner\"><div  class=\"bt_bb_text\" ><\/p>\n<p>Grande parte da \u00e1rea geogr\u00e1fica de Sintra situa-se no Parque Natural de Sintra-Cascais, e possui uma not\u00e1vel variedade de paisagens, tais como: serra, litoral, \u00a0campo e, claro, o Centro Hist\u00f3rico, que foi declarado Patrim\u00f3nio Cultural da Unesco.<\/p>\n<p>A APP Walk Sintra foi desenvolvida pela Casa do Valle B&amp;B, com o intuito de facilitar aos seus h\u00f3spedes e a todos os visitantes da regi\u00e3o, n\u00e3o s\u00f3 a visita do mais conhecido centro com os pal\u00e1cios e monumentos atrav\u00e9s dos trilhos e caminhos que sugerimos, mas tamb\u00e9m incentivar a descoberta das zonas menos conhecidas &#8211; \u00a0tudo o que Sintra tem para oferecer.<\/p>\n<p>\n<\/div><\/div><\/div><\/div><\/div><\/div><\/div><!-- cell_inner --><\/div><!-- cell --><\/div><!-- port --><\/section><section id=\"bt_bb_section69ebbda0145d7\" class=\"bt_bb_section bt_bb_layout_boxed_1000 bt_bb_vertical_align_top bt_bb_top_spacing_medium\"  data-bt-override-class=\"null\"><div class=\"bt_bb_port\"><div class=\"bt_bb_cell\"><div class=\"bt_bb_cell_inner\"><div class=\"bt_bb_row\"  data-bt-override-class=\"{}\"><div class=\"bt_bb_row_holder\" ><div  class=\"bt_bb_column col-xxl-2 col-xl-2 bt_bb_vertical_align_top bt_bb_align_left bt_bb_padding_normal\" style=\"; --column-width:2;\" data-width=\"2\" data-bt-override-class=\"{}\"><div class=\"bt_bb_column_content\"><div class=\"bt_bb_column_content_inner\"><\/div><\/div><\/div><div  class=\"bt_bb_column col-xxl-8 col-xl-8 bt_bb_vertical_align_top bt_bb_align_center bt_bb_padding_normal bt_bb_animation_fade_in move_up animate\" style=\"; --column-width:8;\" data-width=\"8\" data-bt-override-class=\"{}\"><div class=\"bt_bb_column_content\"><div class=\"bt_bb_column_content_inner\"><header class=\"bt_bb_headline bt_bb_font_weight_normal bt_bb_dash_none bt_bb_size_normal bt_bb_align_inherit\" data-bt-override-class=\"{}\"><h2 class=\"bt_bb_headline_tag\"><span class=\"bt_bb_headline_content\"><span><s><b>Casa do Valle <\/b><\/s> Bed and Breakfast <\/span><\/span><\/h2><\/header><div class=\"bt_bb_separator bt_bb_border_style_none bt_bb_bottom_spacing_normal\" data-bt-override-class=\"null\"><\/div><\/div><\/div><\/div><div  class=\"bt_bb_column col-xxl-2 col-xl-2 bt_bb_vertical_align_top bt_bb_align_left bt_bb_padding_normal\" style=\"; --column-width:2;\" data-width=\"2\" data-bt-override-class=\"{}\"><div class=\"bt_bb_column_content\"><div class=\"bt_bb_column_content_inner\"><\/div><\/div><\/div><\/div><\/div><\/div><!-- cell_inner --><\/div><!-- cell --><\/div><!-- port --><\/section><section id=\"bt_bb_section69ebbda014a88\" class=\"bt_bb_section bt_bb_layout_boxed_900 bt_bb_vertical_align_top bt_bb_bottom_spacing_medium\"  data-bt-override-class=\"null\"><div class=\"bt_bb_port\"><div class=\"bt_bb_cell\"><div class=\"bt_bb_cell_inner\"><div class=\"bt_bb_row\"  data-bt-override-class=\"{}\"><div class=\"bt_bb_row_holder\" ><div  class=\"bt_bb_column col-xxl-12 col-xl-12 bt_bb_vertical_align_top bt_bb_align_center bt_bb_padding_normal bt_bb_animation_fade_in move_up animate\" style=\"; --column-width:12;\" data-width=\"12\" data-bt-override-class=\"{}\"><div class=\"bt_bb_column_content\"><div class=\"bt_bb_column_content_inner\"><div  class=\"bt_bb_text\" ><\/p>\n<p>A <strong>Casa do Valle<\/strong> Bed and Breakfast situa-se no Centro Hist\u00f3rico em plena Serra de Sintra. Vencedora \u00a0do pr\u00e9mio Green Key desde 2017, membro da Natural.pt, e licenciada pelo Turismo de Portugal como organizadora de atividades tur\u00edsticas, a Casa do Valle prioriza a sustentabilidade como o seu valor principal. Isto \u00e9 mais do que ser apenas ecologicamente respons\u00e1vel, significa tamb\u00e9m contribuir para o crescimento e sustentabilidade do com\u00e9rcio local.<\/p>\n<p>O nosso Bed &amp; Breakfast com 11 quartos est\u00e1 no meio de um grande jardim com uma vista privilegiada da Serra de Sintra e uma maravilhosa piscina. Os nossos h\u00f3spedes podem explorar Sintra com os nossos servi\u00e7os especializados, como mapas exlusivos e planeamentos de percursos, sauna, massagem, yoga, estacionamento privativo e uma cozinha de h\u00f3spedes com churrasqueira. Para mais detalhes, visite o website da Casa do Valle: <a href=\"http:\/\/www.casadovalle.com\">www.casadovalle.com<\/a><\/p>\n<p>\n<\/div><\/div><\/div><\/div><\/div><\/div><\/div><!-- cell_inner --><\/div><!-- cell --><\/div><!-- port --><\/section><section id=\"bt_bb_section69ebbda014ee1\" class=\"bt_bb_section bt_bb_layout_wide bt_bb_vertical_align_top\"  data-bt-override-class=\"null\"><div class=\"bt_bb_port\"><div class=\"bt_bb_cell\"><div class=\"bt_bb_cell_inner\"><div class=\"bt_bb_row  bt_bb_column_gap_0\" style=\"; --column-gap:0px;\" data-bt-override-class=\"{}\"><div class=\"bt_bb_row_holder\" ><div  class=\"bt_bb_column col-xxl-12 col-xl-12 bt_bb_vertical_align_top bt_bb_align_left bt_bb_padding_normal bt_bb_animation_fade_in animate\" style=\"; --column-width:12;\" data-width=\"12\" data-bt-override-class=\"{}\"><div class=\"bt_bb_column_content\"><div class=\"bt_bb_column_content_inner\"><div class=\"bt_bb_slider bt_bb_height_auto bt_bb_multiple_slides bt_bb_multiple_slides bt_bb_animation_slide animate\"><div class=\"slick-slider\"  data-slick='{ \"lazyLoad\": \"progressive\", \"cssEase\": \"ease-out\", \"speed\": \"300\", \"adaptiveHeight\": true, \"prevArrow\": \"\", \"nextArrow\": \"\",\"slidesToShow\": 3, \"autoplay\": true, \"autoplaySpeed\": 3500,\"slidesToShow\": 3, \"responsive\": [{ \"breakpoint\": 480, \"settings\": { \"slidesToShow\": 1, \"slidesToScroll\": 1 } },{ \"breakpoint\": 768, \"settings\": { \"slidesToShow\": 2, \"slidesToScroll\": 2 } },{ \"breakpoint\": 992, \"settings\": { \"slidesToShow\": 3, \"slidesToScroll\": 3 } },{ \"breakpoint\": 1200, \"settings\": { \"slidesToShow\": 3, \"slidesToScroll\": 3 } },{ \"breakpoint\": 1400, \"settings\": { \"slidesToShow\": 3, \"slidesToScroll\": 3 } }]}' ><div class=\"bt_bb_slider_item\" data-src-full=\"https:\/\/walksintra.com\/wp-content\/uploads\/2020\/11\/Pool-3-1.jpg\"><img decoding=\"async\" src=\"https:\/\/walksintra.com\/wp-content\/uploads\/2020\/11\/Pool-3-1.jpg\" alt=\"Pool-3-1\"  title=\"Pool-3-1\"><\/div><div class=\"bt_bb_slider_item\" data-src-full=\"https:\/\/walksintra.com\/wp-content\/uploads\/2020\/11\/Pool-2-1.jpg\"><img decoding=\"async\" src=\"https:\/\/walksintra.com\/wp-content\/uploads\/2020\/11\/Pool-2-1.jpg\" alt=\"Pool-2-1\"  title=\"Pool-2-1\"><\/div><div class=\"bt_bb_slider_item\" data-src-full=\"https:\/\/walksintra.com\/wp-content\/uploads\/2020\/11\/Deck-of-superior-rooms-1-1.jpg\"><img decoding=\"async\" src=\"https:\/\/walksintra.com\/wp-content\/uploads\/2020\/11\/Deck-of-superior-rooms-1-1.jpg\" alt=\"Deck-of-superior-rooms-1\"  title=\"Deck-of-superior-rooms-1\"><\/div><div class=\"bt_bb_slider_item\" data-src-full=\"https:\/\/walksintra.com\/wp-content\/uploads\/2020\/11\/Glass-Room-outside-2-1.jpg\"><img decoding=\"async\" src=\"https:\/\/walksintra.com\/wp-content\/uploads\/2020\/11\/Glass-Room-outside-2-1.jpg\" alt=\"Glass-Room-outside-2\"  title=\"Glass-Room-outside-2\"><\/div><div class=\"bt_bb_slider_item\" data-src-full=\"https:\/\/walksintra.com\/wp-content\/uploads\/2020\/11\/Superior-suite-B-1.jpg\"><img decoding=\"async\" src=\"https:\/\/walksintra.com\/wp-content\/uploads\/2020\/11\/Superior-suite-B-1.jpg\" alt=\"Superior-suite-B\"  title=\"Superior-suite-B\"><\/div><div class=\"bt_bb_slider_item\" data-src-full=\"https:\/\/walksintra.com\/wp-content\/uploads\/2020\/11\/Standard-room-B.jpg\"><img decoding=\"async\" src=\"https:\/\/walksintra.com\/wp-content\/uploads\/2020\/11\/Standard-room-B.jpg\" alt=\"Standard-room-B\"  title=\"Standard-room-B\"><\/div><div class=\"bt_bb_slider_item\" data-src-full=\"https:\/\/walksintra.com\/wp-content\/uploads\/2020\/11\/Standard-room-J.jpg\"><img decoding=\"async\" src=\"https:\/\/walksintra.com\/wp-content\/uploads\/2020\/11\/Standard-room-J.jpg\" alt=\"Standard-room-J\"  title=\"Standard-room-J\"><\/div><\/div><\/div><\/div><\/div><\/div><\/div><\/div><\/div><!-- cell_inner --><\/div><!-- cell --><\/div><!-- port --><\/section><section id=\"bt_bb_section69ebbda01d17c\" class=\"bt_bb_section bt_bb_layout_boxed_1200\"  data-bt-override-class=\"null\"><div class=\"bt_bb_port\"><div class=\"bt_bb_cell\"><div class=\"bt_bb_cell_inner\"><div class=\"bt_bb_row\"  data-bt-override-class=\"{}\"><div class=\"bt_bb_row_holder\" ><div  class=\"bt_bb_column col-xxl-12 col-xl-12 bt_bb_vertical_align_top bt_bb_align_left bt_bb_padding_normal\" style=\"; --column-width:12;\" data-width=\"12\" data-bt-override-class=\"{}\"><div class=\"bt_bb_column_content\"><div class=\"bt_bb_column_content_inner\"><div class=\"bt_bb_separator bt_bb_border_style_none bt_bb_top_spacing_normal bt_bb_bottom_spacing_normal\" data-bt-override-class=\"null\"><\/div><\/div><\/div><\/div><\/div><\/div><\/div><!-- cell_inner --><\/div><!-- cell --><\/div><!-- port --><\/section><section id=\"bt_bb_section69ebbda01d9b4\" class=\"bt_bb_section bt_bb_color_scheme_12 bt_bb_layout_boxed_1200 bt_bb_vertical_align_top bt_bb_top_spacing_medium bt_bb_bottom_spacing_large\" style=\"margin-right: 20px; margin-left: 20px;; --section-primary-color:#1976bc; --section-secondary-color:#8dc645;\" data-bt-override-class=\"null\"><div class=\"bt_bb_port\"><div class=\"bt_bb_cell\"><div class=\"bt_bb_cell_inner\"><div class=\"bt_bb_row\"  data-bt-override-class=\"{}\"><div class=\"bt_bb_row_holder\" ><div  class=\"bt_bb_column col-xxl-6 col-xl-6 bt_bb_vertical_align_middle bt_bb_align_left bt_bb_padding_normal bt_bb_animation_fade_in zoom_out animate\" style=\"; --column-width:6;\" data-width=\"6\" data-bt-override-class=\"{}\"><div class=\"bt_bb_column_content\"><div class=\"bt_bb_column_content_inner\"><header class=\"bt_bb_headline bt_bb_font_weight_light bt_bb_dash_none bt_bb_subheadline bt_bb_size_large bt_bb_align_inherit\" data-bt-override-class=\"{}\"><h4 class=\"bt_bb_headline_tag\"><span class=\"bt_bb_headline_content\"><span>Contacte-<s>nos<\/s><\/span><\/span><\/h4><div class=\"bt_bb_headline_subheadline\">Se quiser mais informa\u00e7\u00f5es sobre os nossos trilhos, percursos exclusivos ou se quiser colaborar connosco, contacte-nos.<\/div><\/header><div class=\"bt_bb_separator bt_bb_border_style_none bt_bb_top_spacing_large bt_bb_hidden_md bt_bb_hidden_lg\" data-bt-override-class=\"null\"><\/div><\/div><\/div><\/div><div  class=\"bt_bb_column col-xxl-6 col-xl-6 bt_bb_vertical_align_top bt_bb_align_left bt_bb_padding_normal bt_bb_animation_fade_in zoom_out animate\" style=\"; --column-width:6;\" data-width=\"6\" data-bt-override-class=\"{}\"><div class=\"bt_bb_column_content\"><div class=\"bt_bb_column_content_inner\"><div class=\"bt_bb_row_inner\"   data-bt-override-class=\"{}\"><div class=\"bt_bb_row_inner_holder\"  ><div  class=\"bt_bb_column_inner col-xxl-4 col-xl-4 bt_bb_vertical_align_top bt_bb_align_center bt_bb_padding_normal\"  data-width=\"4\" data-bt-override-class=\"{}\"><div class=\"bt_bb_column_inner_content\"><div class=\"bt_bb_column_inner_content_inner\"><div class=\"bt_bb_icon bt_bb_color_scheme_2 bt_bb_style_filled bt_bb_size_large bt_bb_shape_circle bt_bb_target_self bt_bb_text_empty bt_bb_align_inherit\" style=\"; --icon-primary-color:#181818; --icon-secondary-color:#ffffff;\" data-bt-override-class=\"{}\"><span  data-ico-travel3=\"&#xe90d;\" class=\"bt_bb_icon_holder\"><\/span><\/div><div class=\"bt_bb_separator bt_bb_border_style_none bt_bb_bottom_spacing_small\" data-bt-override-class=\"null\"><\/div><header class=\"bt_bb_headline bt_bb_color_scheme_1 bt_bb_dash_none bt_bb_subheadline bt_bb_size_extrasmall bt_bb_align_inherit\" style=\"; --primary-color:#ffffff; --secondary-color:#181818;\" data-bt-override-class=\"{}\"><h5 class=\"bt_bb_headline_tag\"><span class=\"bt_bb_headline_content\"><span><b>Informa\u00e7\u00e3o Geral<\/b><\/span><\/span><\/h5><div class=\"bt_bb_headline_subheadline\">info@walksintra.com<\/div><\/header><div class=\"bt_bb_separator bt_bb_border_style_none bt_bb_top_spacing_medium bt_bb_hidden_md bt_bb_hidden_lg\" data-bt-override-class=\"null\"><\/div><\/div><\/div><\/div><div  class=\"bt_bb_column_inner col-xxl-4 col-xl-4 bt_bb_vertical_align_top bt_bb_align_center bt_bb_padding_normal\"  data-width=\"4\" data-bt-override-class=\"{}\"><div class=\"bt_bb_column_inner_content\"><div class=\"bt_bb_column_inner_content_inner\"><div class=\"bt_bb_icon bt_bb_color_scheme_2 bt_bb_style_filled bt_bb_size_large bt_bb_shape_circle bt_bb_target_self bt_bb_text_empty bt_bb_align_inherit\" style=\"; --icon-primary-color:#181818; --icon-secondary-color:#ffffff;\" data-bt-override-class=\"{}\"><span  data-ico-essential=\"&#xe9bb;\" class=\"bt_bb_icon_holder\"><\/span><\/div><div class=\"bt_bb_separator bt_bb_border_style_none bt_bb_bottom_spacing_small\" data-bt-override-class=\"null\"><\/div><header class=\"bt_bb_headline bt_bb_color_scheme_1 bt_bb_dash_none bt_bb_subheadline bt_bb_size_extrasmall bt_bb_align_inherit\" style=\"; --primary-color:#ffffff; --secondary-color:#181818;\" data-bt-override-class=\"{&quot;bt_bb_size_&quot;:{&quot;current_class&quot;:&quot;bt_bb_size_extrasmall&quot;,&quot;xxl&quot;:&quot;extrasmall&quot;,&quot;xl&quot;:&quot;extrasmall&quot;},&quot;bt_bb_align_&quot;:{&quot;current_class&quot;:&quot;bt_bb_align_inherit&quot;,&quot;xxl&quot;:&quot;inherit&quot;,&quot;xl&quot;:&quot;inherit&quot;}}\"><h5 class=\"bt_bb_headline_tag\"><span class=\"bt_bb_headline_content\"><span><b>Parceria<\/b><\/span><\/span><\/h5><div class=\"bt_bb_headline_subheadline\">info@walksintra.com<\/div><\/header><div class=\"bt_bb_separator bt_bb_border_style_none bt_bb_top_spacing_medium bt_bb_hidden_md bt_bb_hidden_lg\" data-bt-override-class=\"null\"><\/div><\/div><\/div><\/div><div  class=\"bt_bb_column_inner col-xxl-4 col-xl-4 bt_bb_vertical_align_top bt_bb_align_center bt_bb_padding_normal\"  data-width=\"4\" data-bt-override-class=\"{}\"><div class=\"bt_bb_column_inner_content\"><div class=\"bt_bb_column_inner_content_inner\"><div class=\"bt_bb_icon bt_bb_color_scheme_2 bt_bb_style_filled bt_bb_size_large bt_bb_shape_circle bt_bb_target_self bt_bb_text_empty bt_bb_align_inherit\" style=\"; --icon-primary-color:#181818; --icon-secondary-color:#ffffff;\" data-bt-override-class=\"{}\"><span  data-ico-essential=\"&#xea28;\" class=\"bt_bb_icon_holder\"><\/span><\/div><div class=\"bt_bb_separator bt_bb_border_style_none bt_bb_bottom_spacing_small\" data-bt-override-class=\"null\"><\/div><header class=\"bt_bb_headline bt_bb_color_scheme_1 bt_bb_dash_none bt_bb_subheadline bt_bb_size_extrasmall bt_bb_align_inherit\" style=\"; --primary-color:#ffffff; --secondary-color:#181818;\" data-bt-override-class=\"{&quot;bt_bb_size_&quot;:{&quot;current_class&quot;:&quot;bt_bb_size_extrasmall&quot;,&quot;xxl&quot;:&quot;extrasmall&quot;,&quot;xl&quot;:&quot;extrasmall&quot;},&quot;bt_bb_align_&quot;:{&quot;current_class&quot;:&quot;bt_bb_align_inherit&quot;,&quot;xxl&quot;:&quot;inherit&quot;,&quot;xl&quot;:&quot;inherit&quot;}}\"><h5 class=\"bt_bb_headline_tag\"><span class=\"bt_bb_headline_content\"><span><b>Contacte-nos<\/b><\/span><\/span><\/h5><div class=\"bt_bb_headline_subheadline\">+351 914 811 158<\/div><\/header><\/div><\/div><\/div><\/div><\/div><\/div><\/div><\/div><\/div><\/div><\/div><!-- cell_inner --><\/div><!-- cell --><\/div><!-- port --><\/section><\/p>","protected":false},"excerpt":{"rendered":"","protected":false},"author":1,"featured_media":0,"parent":0,"menu_order":0,"comment_status":"closed","ping_status":"closed","template":"","meta":{"_monsterinsights_skip_tracking":false,"_monsterinsights_sitenote_active":false,"_monsterinsights_sitenote_note":"","_monsterinsights_sitenote_category":0,"footnotes":""},"class_list":["post-4843","page","type-page","status-publish","hentry"],"_links":{"self":[{"href":"https:\/\/walksintra.com\/pt\/wp-json\/wp\/v2\/pages\/4843","targetHints":{"allow":["GET"]}}],"collection":[{"href":"https:\/\/walksintra.com\/pt\/wp-json\/wp\/v2\/pages"}],"about":[{"href":"https:\/\/walksintra.com\/pt\/wp-json\/wp\/v2\/types\/page"}],"author":[{"embeddable":true,"href":"https:\/\/walksintra.com\/pt\/wp-json\/wp\/v2\/users\/1"}],"replies":[{"embeddable":true,"href":"https:\/\/walksintra.com\/pt\/wp-json\/wp\/v2\/comments?post=4843"}],"version-history":[{"count":7,"href":"https:\/\/walksintra.com\/pt\/wp-json\/wp\/v2\/pages\/4843\/revisions"}],"predecessor-version":[{"id":5980,"href":"https:\/\/walksintra.com\/pt\/wp-json\/wp\/v2\/pages\/4843\/revisions\/5980"}],"wp:attachment":[{"href":"https:\/\/walksintra.com\/pt\/wp-json\/wp\/v2\/media?parent=4843"}],"curies":[{"name":"wp","href":"https:\/\/api.w.org\/{rel}","templated":true}]}}